{"id":956,"date":"2022-01-27T16:37:32","date_gmt":"2022-01-27T16:37:32","guid":{"rendered":"https:\/\/rec-line.com\/blog\/?page_id=956"},"modified":"2022-01-27T17:00:07","modified_gmt":"2022-01-27T17:00:07","slug":"unete-a-nosotros","status":"publish","type":"page","link":"https:\/\/rec-line.com\/blog\/unete-a-nosotros\/","title":{"rendered":"\u00danete a nosotros"},"content":{"rendered":"\n<section class=\"wp-block-themeisle-blocks-advanced-columns alignfull has-2-columns has-desktop-equal-layout has-tablet-equal-layout has-mobile-collapsedRows-layout has-nogap-gap has-vertical-center\" id=\"wp-block-themeisle-blocks-advanced-columns-e7931e5c\"><div class=\"wp-block-themeisle-blocks-advanced-columns-overlay\"><\/div><div class=\"innerblocks-wrap\">\n<div class=\"wp-block-themeisle-blocks-advanced-column\" id=\"wp-block-themeisle-blocks-advanced-column-311d4b3f\">\n<div id=\"wp-block-themeisle-blocks-advanced-heading-740905dd\" class=\"wp-block-themeisle-blocks-advanced-heading wp-block-themeisle-blocks-advanced-heading-740905dd\"><strong>\u00bfQuieres ganar dinero<\/strong>?<\/div>\n\n\n\n<p>No importa si ya tienes un negocio o si est\u00e1s pensando en montar uno. En Rec Line somos mayoristas de inform\u00e1tica. Hemos desarrollado nuestra propia marca de compatibles y trabajamos cada d\u00eda para ampliar nuestro cat\u00e1lo. <\/p>\n\n\n\n<h2 class=\"has-text-align-left wp-block-heading\">\u00bfPor qu\u00e9 elegir Rec Line?<\/h2>\n\n\n\n<p class=\"has-text-align-left\">A la hora de hacer negocios necesitamos empresas que respondan. Con los compatibles Rec Line vender\u00e1s productos que las impresoras reconocen, de una alt\u00edsima calidad y a un precio muy ajustado.<\/p>\n\n\n\n<p>Para cualquier dudas tratar\u00e1s con personas, te asignaremos un comercial para que te acompa\u00f1e y resuelva todas tus dudas. No somos tu mayorista, somos tu asesor. <\/p>\n<\/div>\n\n\n\n<div class=\"wp-block-themeisle-blocks-advanced-column\" id=\"wp-block-themeisle-blocks-advanced-column-49224624\">\n<figure class=\"wp-block-image size-full\"><img fetchpriority=\"high\" decoding=\"async\" width=\"564\" height=\"300\" src=\"https:\/\/rec-line.com\/blog\/wp-content\/uploads\/2019\/09\/promo-seccion-mail-rec-line-564x300-4.jpg\" alt=\"\" class=\"wp-image-531\" srcset=\"https:\/\/rec-line.com\/blog\/wp-content\/uploads\/2019\/09\/promo-seccion-mail-rec-line-564x300-4.jpg 564w, https:\/\/rec-line.com\/blog\/wp-content\/uploads\/2019\/09\/promo-seccion-mail-rec-line-564x300-4-300x160.jpg 300w\" sizes=\"(max-width: 564px) 100vw, 564px\" \/><\/figure>\n<\/div>\n<\/div><\/section>\n\n\n<div class=\"wpforms-container wpforms-container-full\" id=\"wpforms-960\"><form id=\"wpforms-form-960\" class=\"wpforms-validate wpforms-form\" data-formid=\"960\" method=\"post\" enctype=\"multipart\/form-data\" action=\"\/blog\/wp-json\/wp\/v2\/pages\/956\" data-token=\"1fcc24a59364f952fab232f95f558113\" data-token-time=\"1777396889\"><noscript class=\"wpforms-error-noscript\">Por favor, activa JavaScript en tu navegador para completar este formulario.<\/noscript><div class=\"wpforms-field-container\"><div id=\"wpforms-960-field_0-container\" class=\"wpforms-field wpforms-field-name\" data-field-id=\"0\"><label class=\"wpforms-field-label\" for=\"wpforms-960-field_0\">Nombre <span class=\"wpforms-required-label\">*<\/span><\/label><input type=\"text\" id=\"wpforms-960-field_0\" class=\"wpforms-field-medium wpforms-field-required\" name=\"wpforms[fields][0]\" required><\/div><div id=\"wpforms-960-field_7-container\" class=\"wpforms-field wpforms-field-email\" data-field-id=\"7\"><label class=\"wpforms-field-label\" for=\"wpforms-960-field_7\">Correo electr\u00f3nico <span class=\"wpforms-required-label\">*<\/span><\/label><input type=\"email\" id=\"wpforms-960-field_7\" class=\"wpforms-field-medium wpforms-field-required\" name=\"wpforms[fields][7]\" spellcheck=\"false\" required><\/div><div id=\"wpforms-960-field_6-container\" class=\"wpforms-field wpforms-field-gdpr-checkbox\" data-field-id=\"6\"><label class=\"wpforms-field-label\">Acuerdo RGPD  <span class=\"wpforms-required-label\">*<\/span><\/label><ul id=\"wpforms-960-field_6\" class=\"wpforms-field-required\"><li class=\"choice-1\"><input type=\"checkbox\" id=\"wpforms-960-field_6_1\" name=\"wpforms[fields][6][]\" value=\"Doy mi consentimiento para que esta web almacene la informaci\u00f3n que env\u00edo para que puedan responder a mi petici\u00f3n. \" required ><label class=\"wpforms-field-label-inline\" for=\"wpforms-960-field_6_1\">Doy mi consentimiento para que esta web almacene la informaci\u00f3n que env\u00edo para que puedan responder a mi petici\u00f3n. <\/label><\/li><\/ul><div class=\"wpforms-field-description\">He le\u00eddo el <a href=\"https:\/\/rec-line.com\/aviso-legal\">Aviso Legal<\/a> y acepto la <a href=\"https:\/\/rec-line.com\/Politica-de-privacidad\">Pol\u00edtica de Privacidad<\/a>. \r\n<\/div><\/div><\/div><!-- .wpforms-field-container --><div class=\"wpforms-field wpforms-field-hp\"><label for=\"wpforms-960-field-hp\" class=\"wpforms-field-label\">Website<\/label><input type=\"text\" name=\"wpforms[hp]\" id=\"wpforms-960-field-hp\" class=\"wpforms-field-medium\"><\/div><div class=\"wpforms-submit-container\" ><input type=\"hidden\" name=\"wpforms[id]\" value=\"960\"><input type=\"hidden\" name=\"page_title\" value=\"\"><input type=\"hidden\" name=\"page_url\" value=\"https:\/\/rec-line.com\/blog\/wp-json\/wp\/v2\/pages\/956\"><input type=\"hidden\" name=\"url_referer\" value=\"\"><button type=\"submit\" name=\"wpforms[submit]\" id=\"wpforms-submit-960\" class=\"wpforms-submit\" data-alt-text=\"Enviando...\" data-submit-text=\"Enviar\" aria-live=\"assertive\" value=\"wpforms-submit\">Enviar<\/button><\/div><\/form><\/div>  <!-- .wpforms-container -->\n","protected":false},"excerpt":{"rendered":"","protected":false},"author":1,"featured_media":0,"parent":0,"menu_order":0,"comment_status":"closed","ping_status":"closed","template":"","meta":{"footnotes":""},"class_list":["post-956","page","type-page","status-publish","hentry"],"yoast_head":"<!-- This site is optimized with the Yoast SEO plugin v27.4 - https:\/\/yoast.com\/product\/yoast-seo-wordpress\/ -->\n<title>\u00danete a nosotros - Rec Line<\/title>\n<meta name=\"description\" content=\"Somos tu mayorista de consumilbes inform\u00e1ticos. Env\u00edo en el mismo d\u00eda. Conoce nuestras condiciones\" \/>\n<meta name=\"robots\" content=\"index, follow, max-snippet:-1, max-image-preview:large, max-video-preview:-1\" \/>\n<link rel=\"canonical\" href=\"https:\/\/rec-line.com\/blog\/unete-a-nosotros\/\" \/>\n<meta property=\"og:locale\" content=\"es_ES\" \/>\n<meta property=\"og:type\" content=\"article\" \/>\n<meta property=\"og:title\" content=\"\u00danete a nosotros - Rec Line\" \/>\n<meta property=\"og:description\" content=\"Somos tu mayorista de consumilbes inform\u00e1ticos. Env\u00edo en el mismo d\u00eda. Conoce nuestras condiciones\" \/>\n<meta property=\"og:url\" content=\"https:\/\/rec-line.com\/blog\/unete-a-nosotros\/\" \/>\n<meta property=\"og:site_name\" content=\"Rec Line\" \/>\n<meta property=\"article:publisher\" content=\"https:\/\/www.facebook.com\/reclineespana\/\" \/>\n<meta property=\"article:modified_time\" content=\"2022-01-27T17:00:07+00:00\" \/>\n<meta property=\"og:image\" content=\"https:\/\/rec-line.com\/blog\/wp-content\/uploads\/2019\/09\/promo-seccion-mail-rec-line-564x300-4.jpg\" \/>\n<meta name=\"twitter:card\" content=\"summary_large_image\" \/>\n<meta name=\"twitter:site\" content=\"@Rec_line\" \/>\n<meta name=\"twitter:label1\" content=\"Tiempo de lectura\" \/>\n\t<meta name=\"twitter:data1\" content=\"1 minuto\" \/>\n<script type=\"application\/ld+json\" class=\"yoast-schema-graph\">{\"@context\":\"https:\\\/\\\/schema.org\",\"@graph\":[{\"@type\":\"WebPage\",\"@id\":\"https:\\\/\\\/rec-line.com\\\/blog\\\/unete-a-nosotros\\\/\",\"url\":\"https:\\\/\\\/rec-line.com\\\/blog\\\/unete-a-nosotros\\\/\",\"name\":\"\u00danete a nosotros - Rec Line\",\"isPartOf\":{\"@id\":\"https:\\\/\\\/rec-line.com\\\/blog\\\/#website\"},\"primaryImageOfPage\":{\"@id\":\"https:\\\/\\\/rec-line.com\\\/blog\\\/unete-a-nosotros\\\/#primaryimage\"},\"image\":{\"@id\":\"https:\\\/\\\/rec-line.com\\\/blog\\\/unete-a-nosotros\\\/#primaryimage\"},\"thumbnailUrl\":\"https:\\\/\\\/rec-line.com\\\/blog\\\/wp-content\\\/uploads\\\/2019\\\/09\\\/promo-seccion-mail-rec-line-564x300-4.jpg\",\"datePublished\":\"2022-01-27T16:37:32+00:00\",\"dateModified\":\"2022-01-27T17:00:07+00:00\",\"description\":\"Somos tu mayorista de consumilbes inform\u00e1ticos. Env\u00edo en el mismo d\u00eda. Conoce nuestras condiciones\",\"breadcrumb\":{\"@id\":\"https:\\\/\\\/rec-line.com\\\/blog\\\/unete-a-nosotros\\\/#breadcrumb\"},\"inLanguage\":\"es\",\"potentialAction\":[{\"@type\":\"ReadAction\",\"target\":[\"https:\\\/\\\/rec-line.com\\\/blog\\\/unete-a-nosotros\\\/\"]}]},{\"@type\":\"ImageObject\",\"inLanguage\":\"es\",\"@id\":\"https:\\\/\\\/rec-line.com\\\/blog\\\/unete-a-nosotros\\\/#primaryimage\",\"url\":\"https:\\\/\\\/rec-line.com\\\/blog\\\/wp-content\\\/uploads\\\/2019\\\/09\\\/promo-seccion-mail-rec-line-564x300-4.jpg\",\"contentUrl\":\"https:\\\/\\\/rec-line.com\\\/blog\\\/wp-content\\\/uploads\\\/2019\\\/09\\\/promo-seccion-mail-rec-line-564x300-4.jpg\",\"width\":564,\"height\":300},{\"@type\":\"BreadcrumbList\",\"@id\":\"https:\\\/\\\/rec-line.com\\\/blog\\\/unete-a-nosotros\\\/#breadcrumb\",\"itemListElement\":[{\"@type\":\"ListItem\",\"position\":1,\"name\":\"Home\",\"item\":\"https:\\\/\\\/rec-line.com\\\/blog\\\/\"},{\"@type\":\"ListItem\",\"position\":2,\"name\":\"\u00danete a nosotros\"}]},{\"@type\":\"WebSite\",\"@id\":\"https:\\\/\\\/rec-line.com\\\/blog\\\/#website\",\"url\":\"https:\\\/\\\/rec-line.com\\\/blog\\\/\",\"name\":\"Rec Line\",\"description\":\"Rec Line News: El Blog de Novedades Inform\u00e1ticas y Tecnol\u00f3gicas\",\"publisher\":{\"@id\":\"https:\\\/\\\/rec-line.com\\\/blog\\\/#organization\"},\"potentialAction\":[{\"@type\":\"SearchAction\",\"target\":{\"@type\":\"EntryPoint\",\"urlTemplate\":\"https:\\\/\\\/rec-line.com\\\/blog\\\/?s={search_term_string}\"},\"query-input\":{\"@type\":\"PropertyValueSpecification\",\"valueRequired\":true,\"valueName\":\"search_term_string\"}}],\"inLanguage\":\"es\"},{\"@type\":\"Organization\",\"@id\":\"https:\\\/\\\/rec-line.com\\\/blog\\\/#organization\",\"name\":\"Rec Line\",\"url\":\"https:\\\/\\\/rec-line.com\\\/blog\\\/\",\"logo\":{\"@type\":\"ImageObject\",\"inLanguage\":\"es\",\"@id\":\"https:\\\/\\\/rec-line.com\\\/blog\\\/#\\\/schema\\\/logo\\\/image\\\/\",\"url\":\"https:\\\/\\\/rec-line.com\\\/blog\\\/wp-content\\\/uploads\\\/2019\\\/09\\\/logotipo-pantalla.jpg\",\"contentUrl\":\"https:\\\/\\\/rec-line.com\\\/blog\\\/wp-content\\\/uploads\\\/2019\\\/09\\\/logotipo-pantalla.jpg\",\"width\":1689,\"height\":833,\"caption\":\"Rec Line\"},\"image\":{\"@id\":\"https:\\\/\\\/rec-line.com\\\/blog\\\/#\\\/schema\\\/logo\\\/image\\\/\"},\"sameAs\":[\"https:\\\/\\\/www.facebook.com\\\/reclineespana\\\/\",\"https:\\\/\\\/x.com\\\/Rec_line\",\"https:\\\/\\\/www.instagram.com\\\/recline_es\\\/\",\"https:\\\/\\\/es.linkedin.com\\\/company\\\/rec-line\",\"https:\\\/\\\/www.youtube.com\\\/channel\\\/UCnONbPlFb3eldPVqZhyjUyA\"]}]}<\/script>\n<!-- \/ Yoast SEO plugin. -->","yoast_head_json":{"title":"\u00danete a nosotros - Rec Line","description":"Somos tu mayorista de consumilbes inform\u00e1ticos. Env\u00edo en el mismo d\u00eda. Conoce nuestras condiciones","robots":{"index":"index","follow":"follow","max-snippet":"max-snippet:-1","max-image-preview":"max-image-preview:large","max-video-preview":"max-video-preview:-1"},"canonical":"https:\/\/rec-line.com\/blog\/unete-a-nosotros\/","og_locale":"es_ES","og_type":"article","og_title":"\u00danete a nosotros - Rec Line","og_description":"Somos tu mayorista de consumilbes inform\u00e1ticos. Env\u00edo en el mismo d\u00eda. Conoce nuestras condiciones","og_url":"https:\/\/rec-line.com\/blog\/unete-a-nosotros\/","og_site_name":"Rec Line","article_publisher":"https:\/\/www.facebook.com\/reclineespana\/","article_modified_time":"2022-01-27T17:00:07+00:00","og_image":[{"url":"https:\/\/rec-line.com\/blog\/wp-content\/uploads\/2019\/09\/promo-seccion-mail-rec-line-564x300-4.jpg","type":"","width":"","height":""}],"twitter_card":"summary_large_image","twitter_site":"@Rec_line","twitter_misc":{"Tiempo de lectura":"1 minuto"},"schema":{"@context":"https:\/\/schema.org","@graph":[{"@type":"WebPage","@id":"https:\/\/rec-line.com\/blog\/unete-a-nosotros\/","url":"https:\/\/rec-line.com\/blog\/unete-a-nosotros\/","name":"\u00danete a nosotros - Rec Line","isPartOf":{"@id":"https:\/\/rec-line.com\/blog\/#website"},"primaryImageOfPage":{"@id":"https:\/\/rec-line.com\/blog\/unete-a-nosotros\/#primaryimage"},"image":{"@id":"https:\/\/rec-line.com\/blog\/unete-a-nosotros\/#primaryimage"},"thumbnailUrl":"https:\/\/rec-line.com\/blog\/wp-content\/uploads\/2019\/09\/promo-seccion-mail-rec-line-564x300-4.jpg","datePublished":"2022-01-27T16:37:32+00:00","dateModified":"2022-01-27T17:00:07+00:00","description":"Somos tu mayorista de consumilbes inform\u00e1ticos. Env\u00edo en el mismo d\u00eda. Conoce nuestras condiciones","breadcrumb":{"@id":"https:\/\/rec-line.com\/blog\/unete-a-nosotros\/#breadcrumb"},"inLanguage":"es","potentialAction":[{"@type":"ReadAction","target":["https:\/\/rec-line.com\/blog\/unete-a-nosotros\/"]}]},{"@type":"ImageObject","inLanguage":"es","@id":"https:\/\/rec-line.com\/blog\/unete-a-nosotros\/#primaryimage","url":"https:\/\/rec-line.com\/blog\/wp-content\/uploads\/2019\/09\/promo-seccion-mail-rec-line-564x300-4.jpg","contentUrl":"https:\/\/rec-line.com\/blog\/wp-content\/uploads\/2019\/09\/promo-seccion-mail-rec-line-564x300-4.jpg","width":564,"height":300},{"@type":"BreadcrumbList","@id":"https:\/\/rec-line.com\/blog\/unete-a-nosotros\/#breadcrumb","itemListElement":[{"@type":"ListItem","position":1,"name":"Home","item":"https:\/\/rec-line.com\/blog\/"},{"@type":"ListItem","position":2,"name":"\u00danete a nosotros"}]},{"@type":"WebSite","@id":"https:\/\/rec-line.com\/blog\/#website","url":"https:\/\/rec-line.com\/blog\/","name":"Rec Line","description":"Rec Line News: El Blog de Novedades Inform\u00e1ticas y Tecnol\u00f3gicas","publisher":{"@id":"https:\/\/rec-line.com\/blog\/#organization"},"potentialAction":[{"@type":"SearchAction","target":{"@type":"EntryPoint","urlTemplate":"https:\/\/rec-line.com\/blog\/?s={search_term_string}"},"query-input":{"@type":"PropertyValueSpecification","valueRequired":true,"valueName":"search_term_string"}}],"inLanguage":"es"},{"@type":"Organization","@id":"https:\/\/rec-line.com\/blog\/#organization","name":"Rec Line","url":"https:\/\/rec-line.com\/blog\/","logo":{"@type":"ImageObject","inLanguage":"es","@id":"https:\/\/rec-line.com\/blog\/#\/schema\/logo\/image\/","url":"https:\/\/rec-line.com\/blog\/wp-content\/uploads\/2019\/09\/logotipo-pantalla.jpg","contentUrl":"https:\/\/rec-line.com\/blog\/wp-content\/uploads\/2019\/09\/logotipo-pantalla.jpg","width":1689,"height":833,"caption":"Rec Line"},"image":{"@id":"https:\/\/rec-line.com\/blog\/#\/schema\/logo\/image\/"},"sameAs":["https:\/\/www.facebook.com\/reclineespana\/","https:\/\/x.com\/Rec_line","https:\/\/www.instagram.com\/recline_es\/","https:\/\/es.linkedin.com\/company\/rec-line","https:\/\/www.youtube.com\/channel\/UCnONbPlFb3eldPVqZhyjUyA"]}]}},"_links":{"self":[{"href":"https:\/\/rec-line.com\/blog\/wp-json\/wp\/v2\/pages\/956","targetHints":{"allow":["GET"]}}],"collection":[{"href":"https:\/\/rec-line.com\/blog\/wp-json\/wp\/v2\/pages"}],"about":[{"href":"https:\/\/rec-line.com\/blog\/wp-json\/wp\/v2\/types\/page"}],"author":[{"embeddable":true,"href":"https:\/\/rec-line.com\/blog\/wp-json\/wp\/v2\/users\/1"}],"replies":[{"embeddable":true,"href":"https:\/\/rec-line.com\/blog\/wp-json\/wp\/v2\/comments?post=956"}],"version-history":[{"count":7,"href":"https:\/\/rec-line.com\/blog\/wp-json\/wp\/v2\/pages\/956\/revisions"}],"predecessor-version":[{"id":972,"href":"https:\/\/rec-line.com\/blog\/wp-json\/wp\/v2\/pages\/956\/revisions\/972"}],"wp:attachment":[{"href":"https:\/\/rec-line.com\/blog\/wp-json\/wp\/v2\/media?parent=956"}],"curies":[{"name":"wp","href":"https:\/\/api.w.org\/{rel}","templated":true}]}}